{"id":7,"date":"2025-06-12T13:04:23","date_gmt":"2025-06-12T11:04:23","guid":{"rendered":"http:\/\/wekrwi.pl\/?page_id=7"},"modified":"2025-06-13T10:07:50","modified_gmt":"2025-06-13T08:07:50","slug":"strona-glowna","status":"publish","type":"page","link":"https:\/\/wekrwi.pl\/","title":{"rendered":"Strona g\u0142\u00f3wna"},"content":{"rendered":"\n<div class=\"wp-block-columns is-layout-flex wp-container-core-columns-is-layout-28f84493 wp-block-columns-is-layout-flex\">\n<div class=\"wp-block-column is-layout-flow wp-block-column-is-layout-flow\" style=\"flex-basis:60%\">\n<p><strong>TRACKLISTA:<\/strong><\/p>\n<p><strong>1. WE KRWI<\/strong> FT. DJ FINGER <br \/><strong>2. SOLO<\/strong><br \/><strong>3. COFN\u0104\u0106 CZAS<\/strong><br \/><strong>4.<\/strong> <strong>NIESMAK<\/strong> FT. BEDE SWW<br \/><strong>5. PURPUROWE TWARZE<\/strong> FT. BDZ<br \/><strong>6.<\/strong> <strong>NIEPOK\u00d3J<\/strong> FT. RAKAS, CZOPER<br \/><strong>7. LOST<\/strong> FT. NALBOR, JUSTYNA<br \/><strong>8<\/strong>. <strong>OD \u201808<\/strong> FT. BEDE SWW<br \/><strong>9. FLASHBACK<\/strong> FT. BDZ<br \/><strong>10. 6 CZERWCA<\/strong><br \/><strong>11. DADDY LIFE<\/strong> FT. SZCZUR ZSW, RAD G<br \/><strong>12<\/strong>. <strong>PRZEMIN\u0118\u0141O<\/strong> FT. BEDNAR, DJ URLICH<br \/><strong>13.<\/strong> <strong>NOWE CZASY<\/strong> FT. BRZ, BEDE SWW<br \/><strong>14. RESET<\/strong> Ft. JUSTYNA<\/p>\n<\/div>\n\n\n\n<div class=\"wp-block-column is-layout-flow wp-block-column-is-layout-flow\" style=\"flex-basis:10%\"><\/div>\n\n\n\n<div class=\"wp-block-column is-layout-flow wp-block-column-is-layout-flow\" style=\"flex-basis:30%\">\n<figure class=\"wp-block-image size-large is-resized\"><img fetchpriority=\"high\" decoding=\"async\" width=\"1024\" height=\"1024\" src=\"http:\/\/wekrwi.pl\/wp-content\/uploads\/2025\/06\/Okladka-we-krwi-23.5.25-1024x1024.jpg\" alt=\"\" class=\"wp-image-10\" style=\"width:426px;height:auto\" srcset=\"https:\/\/wekrwi.pl\/wp-content\/uploads\/2025\/06\/Okladka-we-krwi-23.5.25-1024x1024.jpg 1024w, https:\/\/wekrwi.pl\/wp-content\/uploads\/2025\/06\/Okladka-we-krwi-23.5.25-300x300.jpg 300w, https:\/\/wekrwi.pl\/wp-content\/uploads\/2025\/06\/Okladka-we-krwi-23.5.25-150x150.jpg 150w, https:\/\/wekrwi.pl\/wp-content\/uploads\/2025\/06\/Okladka-we-krwi-23.5.25-768x768.jpg 768w, https:\/\/wekrwi.pl\/wp-content\/uploads\/2025\/06\/Okladka-we-krwi-23.5.25-1536x1536.jpg 1536w, https:\/\/wekrwi.pl\/wp-content\/uploads\/2025\/06\/Okladka-we-krwi-23.5.25.jpg 2000w\" sizes=\"(max-width: 1024px) 100vw, 1024px\" \/><\/figure>\n<\/div>\n<\/div>\n","protected":false},"excerpt":{"rendered":"<p>TRACKLISTA: 1. WE KRWI FT. DJ FINGER 2. SOLO3. COFN\u0104\u0106 CZAS4. NIESMAK FT. BEDE SWW5. PURPUROWE TWARZE FT. BDZ6. NIEPOK\u00d3J FT. RAKAS, CZOPER7. LOST FT. NALBOR, JUSTYNA8. OD \u201808 FT. BEDE SWW9. FLASHBACK FT. BDZ10. 6 CZERWCA11. DADDY LIFE FT. SZCZUR ZSW, RAD G12. PRZEMIN\u0118\u0141O FT. BEDNAR, DJ URLICH13. NOWE CZASY FT. BRZ, BEDE SWW14. [&hellip;]<\/p>\n","protected":false},"author":1,"featured_media":0,"parent":0,"menu_order":0,"comment_status":"closed","ping_status":"closed","template":"sww","meta":{"footnotes":""},"class_list":["post-7","page","type-page","status-publish","hentry"],"yoast_head":"<!-- This site is optimized with the Yoast SEO plugin v25.3 - https:\/\/yoast.com\/wordpress\/plugins\/seo\/ -->\n<title>M\u0142ody Si\u0142a W Wersach - We krwi<\/title>\n<meta name=\"description\" content=\"Sprawd\u017a klipy promuj\u0105ce debiutancki album M\u0142odego z Si\u0142y W Wersach i zam\u00f3w p\u0142yt\u0119 &quot;We Krwi&quot;!\" \/>\n<meta name=\"robots\" content=\"index, follow, max-snippet:-1, max-image-preview:large, max-video-preview:-1\" \/>\n<link rel=\"canonical\" href=\"https:\/\/wekrwi.pl\/\" \/>\n<meta property=\"og:locale\" content=\"pl_PL\" \/>\n<meta property=\"og:type\" content=\"article\" \/>\n<meta property=\"og:title\" content=\"M\u0142ody Si\u0142a W Wersach - We krwi\" \/>\n<meta property=\"og:description\" content=\"Sprawd\u017a klipy promuj\u0105ce debiutancki album M\u0142odego z Si\u0142y W Wersach i zam\u00f3w p\u0142yt\u0119 &quot;We Krwi&quot;!\" \/>\n<meta property=\"og:url\" content=\"https:\/\/wekrwi.pl\/\" \/>\n<meta property=\"og:site_name\" content=\"M\u0142ody Si\u0142a W Wersach - We krwi\" \/>\n<meta property=\"article:modified_time\" content=\"2025-06-13T08:07:50+00:00\" \/>\n<meta property=\"og:image\" content=\"http:\/\/wekrwi.pl\/wp-content\/uploads\/2025\/06\/Okladka-we-krwi-23.5.25-1024x1024.jpg\" \/>\n<meta name=\"twitter:card\" content=\"summary_large_image\" \/>\n<meta name=\"twitter:label1\" content=\"Szacowany czas czytania\" \/>\n\t<meta name=\"twitter:data1\" content=\"1 minuta\" \/>\n<script type=\"application\/ld+json\" class=\"yoast-schema-graph\">{\"@context\":\"https:\/\/schema.org\",\"@graph\":[{\"@type\":\"WebPage\",\"@id\":\"https:\/\/wekrwi.pl\/\",\"url\":\"https:\/\/wekrwi.pl\/\",\"name\":\"M\u0142ody Si\u0142a W Wersach - We krwi\",\"isPartOf\":{\"@id\":\"https:\/\/wekrwi.pl\/#website\"},\"primaryImageOfPage\":{\"@id\":\"https:\/\/wekrwi.pl\/#primaryimage\"},\"image\":{\"@id\":\"https:\/\/wekrwi.pl\/#primaryimage\"},\"thumbnailUrl\":\"http:\/\/wekrwi.pl\/wp-content\/uploads\/2025\/06\/Okladka-we-krwi-23.5.25-1024x1024.jpg\",\"datePublished\":\"2025-06-12T11:04:23+00:00\",\"dateModified\":\"2025-06-13T08:07:50+00:00\",\"description\":\"Sprawd\u017a klipy promuj\u0105ce debiutancki album M\u0142odego z Si\u0142y W Wersach i zam\u00f3w p\u0142yt\u0119 \\\"We Krwi\\\"!\",\"breadcrumb\":{\"@id\":\"https:\/\/wekrwi.pl\/#breadcrumb\"},\"inLanguage\":\"pl-PL\",\"potentialAction\":[{\"@type\":\"ReadAction\",\"target\":[\"https:\/\/wekrwi.pl\/\"]}]},{\"@type\":\"ImageObject\",\"inLanguage\":\"pl-PL\",\"@id\":\"https:\/\/wekrwi.pl\/#primaryimage\",\"url\":\"https:\/\/wekrwi.pl\/wp-content\/uploads\/2025\/06\/Okladka-we-krwi-23.5.25.jpg\",\"contentUrl\":\"https:\/\/wekrwi.pl\/wp-content\/uploads\/2025\/06\/Okladka-we-krwi-23.5.25.jpg\",\"width\":2000,\"height\":2000},{\"@type\":\"BreadcrumbList\",\"@id\":\"https:\/\/wekrwi.pl\/#breadcrumb\",\"itemListElement\":[{\"@type\":\"ListItem\",\"position\":1,\"name\":\"Home\",\"item\":\"https:\/\/wekrwi.pl\/\"},{\"@type\":\"ListItem\",\"position\":2,\"name\":\"Strona g\u0142\u00f3wna\"}]},{\"@type\":\"WebSite\",\"@id\":\"https:\/\/wekrwi.pl\/#website\",\"url\":\"https:\/\/wekrwi.pl\/\",\"name\":\"M\u0142ody Si\u0142a W Wersach - We krwi\",\"description\":\"\",\"potentialAction\":[{\"@type\":\"SearchAction\",\"target\":{\"@type\":\"EntryPoint\",\"urlTemplate\":\"https:\/\/wekrwi.pl\/?s={search_term_string}\"},\"query-input\":{\"@type\":\"PropertyValueSpecification\",\"valueRequired\":true,\"valueName\":\"search_term_string\"}}],\"inLanguage\":\"pl-PL\"}]}<\/script>\n<!-- \/ Yoast SEO plugin. -->","yoast_head_json":{"title":"M\u0142ody Si\u0142a W Wersach - We krwi","description":"Sprawd\u017a klipy promuj\u0105ce debiutancki album M\u0142odego z Si\u0142y W Wersach i zam\u00f3w p\u0142yt\u0119 \"We Krwi\"!","robots":{"index":"index","follow":"follow","max-snippet":"max-snippet:-1","max-image-preview":"max-image-preview:large","max-video-preview":"max-video-preview:-1"},"canonical":"https:\/\/wekrwi.pl\/","og_locale":"pl_PL","og_type":"article","og_title":"M\u0142ody Si\u0142a W Wersach - We krwi","og_description":"Sprawd\u017a klipy promuj\u0105ce debiutancki album M\u0142odego z Si\u0142y W Wersach i zam\u00f3w p\u0142yt\u0119 \"We Krwi\"!","og_url":"https:\/\/wekrwi.pl\/","og_site_name":"M\u0142ody Si\u0142a W Wersach - We krwi","article_modified_time":"2025-06-13T08:07:50+00:00","og_image":[{"url":"http:\/\/wekrwi.pl\/wp-content\/uploads\/2025\/06\/Okladka-we-krwi-23.5.25-1024x1024.jpg","type":"","width":"","height":""}],"twitter_card":"summary_large_image","twitter_misc":{"Szacowany czas czytania":"1 minuta"},"schema":{"@context":"https:\/\/schema.org","@graph":[{"@type":"WebPage","@id":"https:\/\/wekrwi.pl\/","url":"https:\/\/wekrwi.pl\/","name":"M\u0142ody Si\u0142a W Wersach - We krwi","isPartOf":{"@id":"https:\/\/wekrwi.pl\/#website"},"primaryImageOfPage":{"@id":"https:\/\/wekrwi.pl\/#primaryimage"},"image":{"@id":"https:\/\/wekrwi.pl\/#primaryimage"},"thumbnailUrl":"http:\/\/wekrwi.pl\/wp-content\/uploads\/2025\/06\/Okladka-we-krwi-23.5.25-1024x1024.jpg","datePublished":"2025-06-12T11:04:23+00:00","dateModified":"2025-06-13T08:07:50+00:00","description":"Sprawd\u017a klipy promuj\u0105ce debiutancki album M\u0142odego z Si\u0142y W Wersach i zam\u00f3w p\u0142yt\u0119 \"We Krwi\"!","breadcrumb":{"@id":"https:\/\/wekrwi.pl\/#breadcrumb"},"inLanguage":"pl-PL","potentialAction":[{"@type":"ReadAction","target":["https:\/\/wekrwi.pl\/"]}]},{"@type":"ImageObject","inLanguage":"pl-PL","@id":"https:\/\/wekrwi.pl\/#primaryimage","url":"https:\/\/wekrwi.pl\/wp-content\/uploads\/2025\/06\/Okladka-we-krwi-23.5.25.jpg","contentUrl":"https:\/\/wekrwi.pl\/wp-content\/uploads\/2025\/06\/Okladka-we-krwi-23.5.25.jpg","width":2000,"height":2000},{"@type":"BreadcrumbList","@id":"https:\/\/wekrwi.pl\/#breadcrumb","itemListElement":[{"@type":"ListItem","position":1,"name":"Home","item":"https:\/\/wekrwi.pl\/"},{"@type":"ListItem","position":2,"name":"Strona g\u0142\u00f3wna"}]},{"@type":"WebSite","@id":"https:\/\/wekrwi.pl\/#website","url":"https:\/\/wekrwi.pl\/","name":"M\u0142ody Si\u0142a W Wersach - We krwi","description":"","potentialAction":[{"@type":"SearchAction","target":{"@type":"EntryPoint","urlTemplate":"https:\/\/wekrwi.pl\/?s={search_term_string}"},"query-input":{"@type":"PropertyValueSpecification","valueRequired":true,"valueName":"search_term_string"}}],"inLanguage":"pl-PL"}]}},"_links":{"self":[{"href":"https:\/\/wekrwi.pl\/index.php?rest_route=\/wp\/v2\/pages\/7","targetHints":{"allow":["GET"]}}],"collection":[{"href":"https:\/\/wekrwi.pl\/index.php?rest_route=\/wp\/v2\/pages"}],"about":[{"href":"https:\/\/wekrwi.pl\/index.php?rest_route=\/wp\/v2\/types\/page"}],"author":[{"embeddable":true,"href":"https:\/\/wekrwi.pl\/index.php?rest_route=\/wp\/v2\/users\/1"}],"replies":[{"embeddable":true,"href":"https:\/\/wekrwi.pl\/index.php?rest_route=%2Fwp%2Fv2%2Fcomments&post=7"}],"version-history":[{"count":6,"href":"https:\/\/wekrwi.pl\/index.php?rest_route=\/wp\/v2\/pages\/7\/revisions"}],"predecessor-version":[{"id":21,"href":"https:\/\/wekrwi.pl\/index.php?rest_route=\/wp\/v2\/pages\/7\/revisions\/21"}],"wp:attachment":[{"href":"https:\/\/wekrwi.pl\/index.php?rest_route=%2Fwp%2Fv2%2Fmedia&parent=7"}],"curies":[{"name":"wp","href":"https:\/\/api.w.org\/{rel}","templated":true}]}}